{"id":108,"date":"2026-01-07T02:56:00","date_gmt":"2026-01-07T02:56:00","guid":{"rendered":"https:\/\/eriva.site\/?post_type=product&#038;p=108"},"modified":"2026-01-07T03:43:43","modified_gmt":"2026-01-07T03:43:43","slug":"sweatshirt-oversize-1977","status":"publish","type":"product","link":"https:\/\/eriva.site\/?product=sweatshirt-oversize-1977","title":{"rendered":"sweatshirt oversize 1977 &#8211; GH0254"},"content":{"rendered":"<p data-start=\"20\" data-end=\"204\">\u00c1o <strong data-start=\"23\" data-end=\"51\">sweatshirt oversize 1977<\/strong> mang phong c\u00e1ch t\u1ed1i gi\u1ea3n, hi\u1ec7n \u0111\u1ea1i v\u00e0 d\u1ec5 ph\u1ed1i \u0111\u1ed3. Thi\u1ebft k\u1ebf form r\u1ed9ng unisex t\u1ea1o c\u1ea3m gi\u00e1c tho\u1ea3i m\u00e1i, n\u0103ng \u0111\u1ed9ng nh\u01b0ng v\u1eabn gi\u1eef \u0111\u01b0\u1ee3c n\u00e9t th\u1eddi trang tinh t\u1ebf.<\/p>\n<ul data-start=\"206\" data-end=\"677\">\n<li data-start=\"206\" data-end=\"275\">\n<p data-start=\"208\" data-end=\"275\"><strong data-start=\"208\" data-end=\"220\">M\u00e0u s\u1eafc:<\/strong> Kem\/\u0110\u1ecf\/X\u00e1m \u0110\u1eadm ,d\u1ec5 ph\u1ed1i v\u1edbi nhi\u1ec1u phong c\u00e1ch<\/p>\n<\/li>\n<li data-start=\"276\" data-end=\"363\">\n<p data-start=\"278\" data-end=\"363\"><strong data-start=\"278\" data-end=\"291\">Thi\u1ebft k\u1ebf:<\/strong> In s\u1ed1 <strong data-start=\"298\" data-end=\"308\">\u201c1977\u201d<\/strong> n\u1ed5i b\u1eadt \u1edf m\u1eb7t tr\u01b0\u1edbc \u2013 t\u1ea1o \u0111i\u1ec3m nh\u1ea5n vintage, c\u00e1 t\u00ednh<\/p>\n<\/li>\n<li data-start=\"364\" data-end=\"417\">\n<p data-start=\"366\" data-end=\"417\"><strong data-start=\"366\" data-end=\"380\">Form d\u00e1ng:<\/strong> Oversize, vai r\u01a1i nh\u1eb9, tay \u00e1o r\u1ed9ng<\/p>\n<\/li>\n<li data-start=\"418\" data-end=\"485\">\n<p data-start=\"420\" data-end=\"485\"><strong data-start=\"420\" data-end=\"434\">Ch\u1ea5t li\u1ec7u:<\/strong> V\u1ea3i n\u1ec9\/sweatshirt d\u00e0y v\u1eeba, m\u1ec1m m\u1ecbn, gi\u1eef form t\u1ed1t<\/p>\n<\/li>\n<li data-start=\"486\" data-end=\"535\">\n<p data-start=\"488\" data-end=\"535\"><strong data-start=\"488\" data-end=\"498\">C\u1ed5 \u00e1o:<\/strong> C\u1ed5 tr\u00f2n basic, \u0111\u01b0\u1eddng may ch\u1eafc ch\u1eafn<\/p>\n<\/li>\n<li data-start=\"536\" data-end=\"584\">\n<p data-start=\"538\" data-end=\"584\"><strong data-start=\"538\" data-end=\"553\">Phong c\u00e1ch:<\/strong> Casual \u2013 streetwear \u2013 unisex<\/p>\n<\/li>\n<li data-start=\"585\" data-end=\"677\">\n<p data-start=\"587\" data-end=\"677\"><strong data-start=\"587\" data-end=\"599\">Ph\u00f9 h\u1ee3p:<\/strong> \u0110i h\u1ecdc, \u0111i ch\u01a1i, d\u1ea1o ph\u1ed1, ph\u1ed1i c\u00f9ng qu\u1ea7n jean, qu\u1ea7n kaki ho\u1eb7c qu\u1ea7n \u1ed1ng r\u1ed9ng<\/p>\n<\/li>\n<\/ul>\n","protected":false},"excerpt":{"rendered":"<p>\u00c1o sweatshirt oversize 1977 mang phong c\u00e1ch t\u1ed1i gi\u1ea3n, hi\u1ec7n \u0111\u1ea1i v\u00e0 d\u1ec5 ph\u1ed1i \u0111\u1ed3. Thi\u1ebft k\u1ebf form r\u1ed9ng unisex t\u1ea1o c\u1ea3m gi\u00e1c tho\u1ea3i m\u00e1i, n\u0103ng \u0111\u1ed9ng nh\u01b0ng v\u1eabn gi\u1eef \u0111\u01b0\u1ee3c n\u00e9t th\u1eddi trang tinh t\u1ebf. M\u00e0u s\u1eafc: Kem\/\u0110\u1ecf\/X\u00e1m \u0110\u1eadm ,d\u1ec5 ph\u1ed1i v\u1edbi nhi\u1ec1u phong c\u00e1ch Thi\u1ebft k\u1ebf: In s\u1ed1 \u201c1977\u201d n\u1ed5i b\u1eadt \u1edf m\u1eb7t &hellip; <\/p>\n","protected":false},"featured_media":110,"comment_status":"open","ping_status":"closed","template":"","meta":[],"product_brand":[],"product_cat":[16],"product_tag":[],"class_list":{"0":"post-108","1":"product","2":"type-product","3":"status-publish","4":"has-post-thumbnail","6":"product_cat-khong-co","8":"first","9":"instock","10":"sale","11":"shipping-taxable","12":"purchasable","13":"product-type-simple"},"yoast_head":"<!-- This site is optimized with the Yoast SEO plugin v26.8 - https:\/\/yoast.com\/product\/yoast-seo-wordpress\/ -->\n<title>sweatshirt oversize 1977 - GH0254 - Eriva<\/title>\n<meta name=\"robots\" content=\"index, follow, max-snippet:-1, max-image-preview:large, max-video-preview:-1\" \/>\n<link rel=\"canonical\" href=\"https:\/\/eriva.site\/?product=sweatshirt-oversize-1977\" \/>\n<meta property=\"og:locale\" content=\"vi_VN\" \/>\n<meta property=\"og:type\" content=\"article\" \/>\n<meta property=\"og:title\" content=\"sweatshirt oversize 1977 - GH0254 - Eriva\" \/>\n<meta property=\"og:description\" content=\"\u00c1o sweatshirt oversize 1977 mang phong c\u00e1ch t\u1ed1i gi\u1ea3n, hi\u1ec7n \u0111\u1ea1i v\u00e0 d\u1ec5 ph\u1ed1i \u0111\u1ed3. Thi\u1ebft k\u1ebf form r\u1ed9ng unisex t\u1ea1o c\u1ea3m gi\u00e1c tho\u1ea3i m\u00e1i, n\u0103ng \u0111\u1ed9ng nh\u01b0ng v\u1eabn gi\u1eef \u0111\u01b0\u1ee3c n\u00e9t th\u1eddi trang tinh t\u1ebf. M\u00e0u s\u1eafc: Kem\/\u0110\u1ecf\/X\u00e1m \u0110\u1eadm ,d\u1ec5 ph\u1ed1i v\u1edbi nhi\u1ec1u phong c\u00e1ch Thi\u1ebft k\u1ebf: In s\u1ed1 \u201c1977\u201d n\u1ed5i b\u1eadt \u1edf m\u1eb7t &hellip;\" \/>\n<meta property=\"og:url\" content=\"https:\/\/eriva.site\/?product=sweatshirt-oversize-1977\" \/>\n<meta property=\"og:site_name\" content=\"Eriva\" \/>\n<meta property=\"article:publisher\" content=\"https:\/\/www.facebook.com\/\" \/>\n<meta property=\"article:modified_time\" content=\"2026-01-07T03:43:43+00:00\" \/>\n<meta property=\"og:image\" content=\"https:\/\/eriva.site\/wp-content\/uploads\/2026\/01\/z7398036994738_7690d6389fe0cb28e19ff3daa6b60808.jpg\" \/>\n\t<meta property=\"og:image:width\" content=\"667\" \/>\n\t<meta property=\"og:image:height\" content=\"648\" \/>\n\t<meta property=\"og:image:type\" content=\"image\/jpeg\" \/>\n<meta name=\"twitter:card\" content=\"summary_large_image\" \/>\n<meta name=\"twitter:label1\" content=\"\u01af\u1edbc t\u00ednh th\u1eddi gian \u0111\u1ecdc\" \/>\n\t<meta name=\"twitter:data1\" content=\"1 ph\u00fat\" \/>\n<script type=\"application\/ld+json\" class=\"yoast-schema-graph\">{\"@context\":\"https:\/\/schema.org\",\"@graph\":[{\"@type\":\"WebPage\",\"@id\":\"https:\/\/eriva.site\/?product=sweatshirt-oversize-1977\",\"url\":\"https:\/\/eriva.site\/?product=sweatshirt-oversize-1977\",\"name\":\"sweatshirt oversize 1977 - GH0254 - Eriva\",\"isPartOf\":{\"@id\":\"https:\/\/eriva.site\/#website\"},\"primaryImageOfPage\":{\"@id\":\"https:\/\/eriva.site\/?product=sweatshirt-oversize-1977#primaryimage\"},\"image\":{\"@id\":\"https:\/\/eriva.site\/?product=sweatshirt-oversize-1977#primaryimage\"},\"thumbnailUrl\":\"https:\/\/eriva.site\/wp-content\/uploads\/2026\/01\/z7398036994738_7690d6389fe0cb28e19ff3daa6b60808.jpg\",\"datePublished\":\"2026-01-07T02:56:00+00:00\",\"dateModified\":\"2026-01-07T03:43:43+00:00\",\"breadcrumb\":{\"@id\":\"https:\/\/eriva.site\/?product=sweatshirt-oversize-1977#breadcrumb\"},\"inLanguage\":\"vi\",\"potentialAction\":[{\"@type\":\"ReadAction\",\"target\":[\"https:\/\/eriva.site\/?product=sweatshirt-oversize-1977\"]}]},{\"@type\":\"ImageObject\",\"inLanguage\":\"vi\",\"@id\":\"https:\/\/eriva.site\/?product=sweatshirt-oversize-1977#primaryimage\",\"url\":\"https:\/\/eriva.site\/wp-content\/uploads\/2026\/01\/z7398036994738_7690d6389fe0cb28e19ff3daa6b60808.jpg\",\"contentUrl\":\"https:\/\/eriva.site\/wp-content\/uploads\/2026\/01\/z7398036994738_7690d6389fe0cb28e19ff3daa6b60808.jpg\",\"width\":667,\"height\":648},{\"@type\":\"BreadcrumbList\",\"@id\":\"https:\/\/eriva.site\/?product=sweatshirt-oversize-1977#breadcrumb\",\"itemListElement\":[{\"@type\":\"ListItem\",\"position\":1,\"name\":\"Trang ch\u1ee7\",\"item\":\"https:\/\/eriva.site\/\"},{\"@type\":\"ListItem\",\"position\":2,\"name\":\"C\u1eeda h\u00e0ng\",\"item\":\"https:\/\/eriva.site\/\"},{\"@type\":\"ListItem\",\"position\":3,\"name\":\"sweatshirt oversize 1977 &#8211; GH0254\"}]},{\"@type\":\"WebSite\",\"@id\":\"https:\/\/eriva.site\/#website\",\"url\":\"https:\/\/eriva.site\/\",\"name\":\"Eriva\",\"description\":\"ERIVA \u2013 Thanh l\u1ecbch trong t\u1eebng kho\u1ea3nh kh\u1eafc.\",\"publisher\":{\"@id\":\"https:\/\/eriva.site\/#organization\"},\"potentialAction\":[{\"@type\":\"SearchAction\",\"target\":{\"@type\":\"EntryPoint\",\"urlTemplate\":\"https:\/\/eriva.site\/?s={search_term_string}\"},\"query-input\":{\"@type\":\"PropertyValueSpecification\",\"valueRequired\":true,\"valueName\":\"search_term_string\"}}],\"inLanguage\":\"vi\"},{\"@type\":\"Organization\",\"@id\":\"https:\/\/eriva.site\/#organization\",\"name\":\"Eriva\",\"url\":\"https:\/\/eriva.site\/\",\"logo\":{\"@type\":\"ImageObject\",\"inLanguage\":\"vi\",\"@id\":\"https:\/\/eriva.site\/#\/schema\/logo\/image\/\",\"url\":\"https:\/\/eriva.site\/wp-content\/uploads\/2026\/04\/cropped-z7709650128450_6c21c0c3ccae48663f0d94349b091c4f.jpg\",\"contentUrl\":\"https:\/\/eriva.site\/wp-content\/uploads\/2026\/04\/cropped-z7709650128450_6c21c0c3ccae48663f0d94349b091c4f.jpg\",\"width\":976,\"height\":865,\"caption\":\"Eriva\"},\"image\":{\"@id\":\"https:\/\/eriva.site\/#\/schema\/logo\/image\/\"},\"sameAs\":[\"https:\/\/www.facebook.com\/\"]}]}<\/script>\n<!-- \/ Yoast SEO plugin. -->","yoast_head_json":{"title":"sweatshirt oversize 1977 - GH0254 - Eriva","robots":{"index":"index","follow":"follow","max-snippet":"max-snippet:-1","max-image-preview":"max-image-preview:large","max-video-preview":"max-video-preview:-1"},"canonical":"https:\/\/eriva.site\/?product=sweatshirt-oversize-1977","og_locale":"vi_VN","og_type":"article","og_title":"sweatshirt oversize 1977 - GH0254 - Eriva","og_description":"\u00c1o sweatshirt oversize 1977 mang phong c\u00e1ch t\u1ed1i gi\u1ea3n, hi\u1ec7n \u0111\u1ea1i v\u00e0 d\u1ec5 ph\u1ed1i \u0111\u1ed3. Thi\u1ebft k\u1ebf form r\u1ed9ng unisex t\u1ea1o c\u1ea3m gi\u00e1c tho\u1ea3i m\u00e1i, n\u0103ng \u0111\u1ed9ng nh\u01b0ng v\u1eabn gi\u1eef \u0111\u01b0\u1ee3c n\u00e9t th\u1eddi trang tinh t\u1ebf. M\u00e0u s\u1eafc: Kem\/\u0110\u1ecf\/X\u00e1m \u0110\u1eadm ,d\u1ec5 ph\u1ed1i v\u1edbi nhi\u1ec1u phong c\u00e1ch Thi\u1ebft k\u1ebf: In s\u1ed1 \u201c1977\u201d n\u1ed5i b\u1eadt \u1edf m\u1eb7t &hellip;","og_url":"https:\/\/eriva.site\/?product=sweatshirt-oversize-1977","og_site_name":"Eriva","article_publisher":"https:\/\/www.facebook.com\/","article_modified_time":"2026-01-07T03:43:43+00:00","og_image":[{"width":667,"height":648,"url":"https:\/\/eriva.site\/wp-content\/uploads\/2026\/01\/z7398036994738_7690d6389fe0cb28e19ff3daa6b60808.jpg","type":"image\/jpeg"}],"twitter_card":"summary_large_image","twitter_misc":{"\u01af\u1edbc t\u00ednh th\u1eddi gian \u0111\u1ecdc":"1 ph\u00fat"},"schema":{"@context":"https:\/\/schema.org","@graph":[{"@type":"WebPage","@id":"https:\/\/eriva.site\/?product=sweatshirt-oversize-1977","url":"https:\/\/eriva.site\/?product=sweatshirt-oversize-1977","name":"sweatshirt oversize 1977 - GH0254 - Eriva","isPartOf":{"@id":"https:\/\/eriva.site\/#website"},"primaryImageOfPage":{"@id":"https:\/\/eriva.site\/?product=sweatshirt-oversize-1977#primaryimage"},"image":{"@id":"https:\/\/eriva.site\/?product=sweatshirt-oversize-1977#primaryimage"},"thumbnailUrl":"https:\/\/eriva.site\/wp-content\/uploads\/2026\/01\/z7398036994738_7690d6389fe0cb28e19ff3daa6b60808.jpg","datePublished":"2026-01-07T02:56:00+00:00","dateModified":"2026-01-07T03:43:43+00:00","breadcrumb":{"@id":"https:\/\/eriva.site\/?product=sweatshirt-oversize-1977#breadcrumb"},"inLanguage":"vi","potentialAction":[{"@type":"ReadAction","target":["https:\/\/eriva.site\/?product=sweatshirt-oversize-1977"]}]},{"@type":"ImageObject","inLanguage":"vi","@id":"https:\/\/eriva.site\/?product=sweatshirt-oversize-1977#primaryimage","url":"https:\/\/eriva.site\/wp-content\/uploads\/2026\/01\/z7398036994738_7690d6389fe0cb28e19ff3daa6b60808.jpg","contentUrl":"https:\/\/eriva.site\/wp-content\/uploads\/2026\/01\/z7398036994738_7690d6389fe0cb28e19ff3daa6b60808.jpg","width":667,"height":648},{"@type":"BreadcrumbList","@id":"https:\/\/eriva.site\/?product=sweatshirt-oversize-1977#breadcrumb","itemListElement":[{"@type":"ListItem","position":1,"name":"Trang ch\u1ee7","item":"https:\/\/eriva.site\/"},{"@type":"ListItem","position":2,"name":"C\u1eeda h\u00e0ng","item":"https:\/\/eriva.site\/"},{"@type":"ListItem","position":3,"name":"sweatshirt oversize 1977 &#8211; GH0254"}]},{"@type":"WebSite","@id":"https:\/\/eriva.site\/#website","url":"https:\/\/eriva.site\/","name":"Eriva","description":"ERIVA \u2013 Thanh l\u1ecbch trong t\u1eebng kho\u1ea3nh kh\u1eafc.","publisher":{"@id":"https:\/\/eriva.site\/#organization"},"potentialAction":[{"@type":"SearchAction","target":{"@type":"EntryPoint","urlTemplate":"https:\/\/eriva.site\/?s={search_term_string}"},"query-input":{"@type":"PropertyValueSpecification","valueRequired":true,"valueName":"search_term_string"}}],"inLanguage":"vi"},{"@type":"Organization","@id":"https:\/\/eriva.site\/#organization","name":"Eriva","url":"https:\/\/eriva.site\/","logo":{"@type":"ImageObject","inLanguage":"vi","@id":"https:\/\/eriva.site\/#\/schema\/logo\/image\/","url":"https:\/\/eriva.site\/wp-content\/uploads\/2026\/04\/cropped-z7709650128450_6c21c0c3ccae48663f0d94349b091c4f.jpg","contentUrl":"https:\/\/eriva.site\/wp-content\/uploads\/2026\/04\/cropped-z7709650128450_6c21c0c3ccae48663f0d94349b091c4f.jpg","width":976,"height":865,"caption":"Eriva"},"image":{"@id":"https:\/\/eriva.site\/#\/schema\/logo\/image\/"},"sameAs":["https:\/\/www.facebook.com\/"]}]}},"jetpack_sharing_enabled":true,"_links":{"self":[{"href":"https:\/\/eriva.site\/index.php?rest_route=\/wp\/v2\/product\/108","targetHints":{"allow":["GET"]}}],"collection":[{"href":"https:\/\/eriva.site\/index.php?rest_route=\/wp\/v2\/product"}],"about":[{"href":"https:\/\/eriva.site\/index.php?rest_route=\/wp\/v2\/types\/product"}],"replies":[{"embeddable":true,"href":"https:\/\/eriva.site\/index.php?rest_route=%2Fwp%2Fv2%2Fcomments&post=108"}],"wp:featuredmedia":[{"embeddable":true,"href":"https:\/\/eriva.site\/index.php?rest_route=\/wp\/v2\/media\/110"}],"wp:attachment":[{"href":"https:\/\/eriva.site\/index.php?rest_route=%2Fwp%2Fv2%2Fmedia&parent=108"}],"wp:term":[{"taxonomy":"product_brand","embeddable":true,"href":"https:\/\/eriva.site\/index.php?rest_route=%2Fwp%2Fv2%2Fproduct_brand&post=108"},{"taxonomy":"product_cat","embeddable":true,"href":"https:\/\/eriva.site\/index.php?rest_route=%2Fwp%2Fv2%2Fproduct_cat&post=108"},{"taxonomy":"product_tag","embeddable":true,"href":"https:\/\/eriva.site\/index.php?rest_route=%2Fwp%2Fv2%2Fproduct_tag&post=108"}],"curies":[{"name":"wp","href":"https:\/\/api.w.org\/{rel}","templated":true}]}}