{"id":138,"date":"2026-01-07T03:34:05","date_gmt":"2026-01-07T03:34:05","guid":{"rendered":"https:\/\/eriva.site\/?post_type=product&#038;p=138"},"modified":"2026-04-10T01:51:31","modified_gmt":"2026-04-10T01:51:31","slug":"ao-thun-nam-nu-trang-bear","status":"publish","type":"product","link":"https:\/\/eriva.site\/?product=ao-thun-nam-nu-trang-bear","title":{"rendered":"\u00c1O THUN NAM N\u1eee TR\u1eaeNG BEAR &#8211; GH7832"},"content":{"rendered":"<h3 data-path-to-node=\"4\"><b data-path-to-node=\"4\" data-index-in-node=\"0\">\u00a0\u00dd t\u01b0\u1edfng thi\u1ebft k\u1ebf<\/b><\/h3>\n<p data-path-to-node=\"5\">S\u1ea3n ph\u1ea9m \u0111\u01b0\u1ee3c thi\u1ebft k\u1ebf d\u1ef1a tr\u00ean s\u1ef1 giao thoa gi\u1eefa tinh th\u1ea7n kh\u1edfi nghi\u1ec7p s\u00e1ng t\u1ea1o (Creative Entrepreneur) v\u00e0 ngh\u1ec7 thu\u1eadt \u0111\u01b0\u1eddng ph\u1ed1 ph\u00e1 c\u00e1ch.<\/p>\n<ul data-path-to-node=\"6\">\n<li>\n<p data-path-to-node=\"6,0,0\"><b data-path-to-node=\"6,0,0\" data-index-in-node=\"0\">T\u00ean th\u01b0\u01a1ng hi\u1ec7u:<\/b> &#8220;Eriva&#8221; \u0111\u01b0\u1ee3c c\u00e1ch \u0111i\u1ec7u b\u1eb1ng n\u00e9t ch\u1eef Script ngh\u1ec7 thu\u1eadt, th\u1ec3 hi\u1ec7n s\u1ef1 m\u1ec1m m\u1ea1i nh\u01b0ng \u0111\u1ea7y b\u1ea3n l\u0129nh.<\/p>\n<\/li>\n<li>\n<p data-path-to-node=\"6,1,0\"><b data-path-to-node=\"6,1,0\" data-index-in-node=\"0\">Bi\u1ec3u t\u01b0\u1ee3ng:<\/b> H\u00ecnh \u1ea3nh ch\u00fa g\u1ea5u &#8220;X-eyes&#8221; phong c\u00e1ch Graffiti v\u1edbi hi\u1ec7u \u1ee9ng s\u01a1n ch\u1ea3y (Drip Art) \u0111\u1ea1i di\u1ec7n cho s\u1ef1 n\u1ed5i lo\u1ea1n, t\u1ef1 do v\u00e0 kh\u00f4ng gi\u1edbi h\u1ea1n trong s\u00e1ng t\u1ea1o.<\/p>\n<\/li>\n<li>\n<h3 data-path-to-node=\"9\"><b data-path-to-node=\"9\" data-index-in-node=\"0\">Ch\u1ea5t li\u1ec7u &amp; Form d\u00e1ng<\/b><\/h3>\n<ul data-path-to-node=\"10\">\n<li>\n<p data-path-to-node=\"10,0,0\"><b data-path-to-node=\"10,0,0\" data-index-in-node=\"0\">Ch\u1ea5t li\u1ec7u:<\/b> Cotton 100% 2 chi\u1ec1u, \u0111\u1ecbnh l\u01b0\u1ee3ng 250gsm d\u00e0y d\u1eb7n, \u0111\u1ee9ng form nh\u01b0ng v\u1eabn c\u1ef1c k\u1ef3 th\u1ea5m h\u00fat m\u1ed3 h\u00f4i.<\/p>\n<\/li>\n<li>\n<p data-path-to-node=\"10,1,0\"><b data-path-to-node=\"10,1,0\" data-index-in-node=\"0\">Form d\u00e1ng:<\/b> <b data-path-to-node=\"10,1,0\" data-index-in-node=\"11\">Oversize Unisex<\/b> (Nam n\u1eef \u0111\u1ec1u m\u1eb7c \u0111\u1eb9p), c\u1ed5 bo d\u1ec7t d\u00e0y d\u1eb7n 2.5cm kh\u00f4ng b\u1ecb gi\u00e3n sau khi gi\u1eb7t.<\/p>\n<\/li>\n<li>\n<p data-path-to-node=\"10,2,0\"><b data-path-to-node=\"10,2,0\" data-index-in-node=\"0\">C\u00f4ng ngh\u1ec7 in:<\/b> In k\u1ef9 thu\u1eadt s\u1ed1 hi\u1ec7n \u0111\u1ea1i, gi\u00fap h\u00ecnh in t\u1ec7p v\u00e0o v\u1ea3i, kh\u00f4ng g\u00e2y b\u00ed b\u00e1ch v\u00e0 \u0111\u1ed9 b\u1ec1n m\u00e0u c\u1ef1c cao.<\/p>\n<\/li>\n<\/ul>\n<\/li>\n<\/ul>\n","protected":false},"excerpt":{"rendered":"<p>\u00a0\u00dd t\u01b0\u1edfng thi\u1ebft k\u1ebf S\u1ea3n ph\u1ea9m \u0111\u01b0\u1ee3c thi\u1ebft k\u1ebf d\u1ef1a tr\u00ean s\u1ef1 giao thoa gi\u1eefa tinh th\u1ea7n kh\u1edfi nghi\u1ec7p s\u00e1ng t\u1ea1o (Creative Entrepreneur) v\u00e0 ngh\u1ec7 thu\u1eadt \u0111\u01b0\u1eddng ph\u1ed1 ph\u00e1 c\u00e1ch. T\u00ean th\u01b0\u01a1ng hi\u1ec7u: &#8220;Eriva&#8221; \u0111\u01b0\u1ee3c c\u00e1ch \u0111i\u1ec7u b\u1eb1ng n\u00e9t ch\u1eef Script ngh\u1ec7 thu\u1eadt, th\u1ec3 hi\u1ec7n s\u1ef1 m\u1ec1m m\u1ea1i nh\u01b0ng \u0111\u1ea7y b\u1ea3n l\u0129nh. Bi\u1ec3u t\u01b0\u1ee3ng: H\u00ecnh &hellip; <\/p>\n","protected":false},"featured_media":143,"comment_status":"open","ping_status":"closed","template":"","meta":[],"product_brand":[],"product_cat":[16],"product_tag":[],"class_list":{"0":"post-138","1":"product","2":"type-product","3":"status-publish","4":"has-post-thumbnail","6":"product_cat-khong-co","8":"first","9":"instock","10":"sale","11":"shipping-taxable","12":"purchasable","13":"product-type-simple"},"yoast_head":"<!-- This site is optimized with the Yoast SEO plugin v26.8 - https:\/\/yoast.com\/product\/yoast-seo-wordpress\/ -->\n<title>\u00c1O THUN NAM N\u1eee TR\u1eaeNG BEAR - GH7832 - Eriva<\/title>\n<meta name=\"robots\" content=\"index, follow, max-snippet:-1, max-image-preview:large, max-video-preview:-1\" \/>\n<link rel=\"canonical\" href=\"https:\/\/eriva.site\/?product=ao-thun-nam-nu-trang-bear\" \/>\n<meta property=\"og:locale\" content=\"vi_VN\" \/>\n<meta property=\"og:type\" content=\"article\" \/>\n<meta property=\"og:title\" content=\"\u00c1O THUN NAM N\u1eee TR\u1eaeNG BEAR - GH7832 - Eriva\" \/>\n<meta property=\"og:description\" content=\"\u00a0\u00dd t\u01b0\u1edfng thi\u1ebft k\u1ebf S\u1ea3n ph\u1ea9m \u0111\u01b0\u1ee3c thi\u1ebft k\u1ebf d\u1ef1a tr\u00ean s\u1ef1 giao thoa gi\u1eefa tinh th\u1ea7n kh\u1edfi nghi\u1ec7p s\u00e1ng t\u1ea1o (Creative Entrepreneur) v\u00e0 ngh\u1ec7 thu\u1eadt \u0111\u01b0\u1eddng ph\u1ed1 ph\u00e1 c\u00e1ch. T\u00ean th\u01b0\u01a1ng hi\u1ec7u: &#8220;Eriva&#8221; \u0111\u01b0\u1ee3c c\u00e1ch \u0111i\u1ec7u b\u1eb1ng n\u00e9t ch\u1eef Script ngh\u1ec7 thu\u1eadt, th\u1ec3 hi\u1ec7n s\u1ef1 m\u1ec1m m\u1ea1i nh\u01b0ng \u0111\u1ea7y b\u1ea3n l\u0129nh. Bi\u1ec3u t\u01b0\u1ee3ng: H\u00ecnh &hellip;\" \/>\n<meta property=\"og:url\" content=\"https:\/\/eriva.site\/?product=ao-thun-nam-nu-trang-bear\" \/>\n<meta property=\"og:site_name\" content=\"Eriva\" \/>\n<meta property=\"article:publisher\" content=\"https:\/\/www.facebook.com\/\" \/>\n<meta property=\"article:modified_time\" content=\"2026-04-10T01:51:31+00:00\" \/>\n<meta property=\"og:image\" content=\"https:\/\/eriva.site\/wp-content\/uploads\/2026\/01\/Gemini_Generated_Image_op1wyvop1wyvop1w.png\" \/>\n\t<meta property=\"og:image:width\" content=\"1024\" \/>\n\t<meta property=\"og:image:height\" content=\"1024\" \/>\n\t<meta property=\"og:image:type\" content=\"image\/png\" \/>\n<meta name=\"twitter:card\" content=\"summary_large_image\" \/>\n<meta name=\"twitter:label1\" content=\"\u01af\u1edbc t\u00ednh th\u1eddi gian \u0111\u1ecdc\" \/>\n\t<meta name=\"twitter:data1\" content=\"2 ph\u00fat\" \/>\n<script type=\"application\/ld+json\" class=\"yoast-schema-graph\">{\"@context\":\"https:\/\/schema.org\",\"@graph\":[{\"@type\":\"WebPage\",\"@id\":\"https:\/\/eriva.site\/?product=ao-thun-nam-nu-trang-bear\",\"url\":\"https:\/\/eriva.site\/?product=ao-thun-nam-nu-trang-bear\",\"name\":\"\u00c1O THUN NAM N\u1eee TR\u1eaeNG BEAR - GH7832 - Eriva\",\"isPartOf\":{\"@id\":\"https:\/\/eriva.site\/#website\"},\"primaryImageOfPage\":{\"@id\":\"https:\/\/eriva.site\/?product=ao-thun-nam-nu-trang-bear#primaryimage\"},\"image\":{\"@id\":\"https:\/\/eriva.site\/?product=ao-thun-nam-nu-trang-bear#primaryimage\"},\"thumbnailUrl\":\"https:\/\/eriva.site\/wp-content\/uploads\/2026\/01\/Gemini_Generated_Image_op1wyvop1wyvop1w.png\",\"datePublished\":\"2026-01-07T03:34:05+00:00\",\"dateModified\":\"2026-04-10T01:51:31+00:00\",\"breadcrumb\":{\"@id\":\"https:\/\/eriva.site\/?product=ao-thun-nam-nu-trang-bear#breadcrumb\"},\"inLanguage\":\"vi\",\"potentialAction\":[{\"@type\":\"ReadAction\",\"target\":[\"https:\/\/eriva.site\/?product=ao-thun-nam-nu-trang-bear\"]}]},{\"@type\":\"ImageObject\",\"inLanguage\":\"vi\",\"@id\":\"https:\/\/eriva.site\/?product=ao-thun-nam-nu-trang-bear#primaryimage\",\"url\":\"https:\/\/eriva.site\/wp-content\/uploads\/2026\/01\/Gemini_Generated_Image_op1wyvop1wyvop1w.png\",\"contentUrl\":\"https:\/\/eriva.site\/wp-content\/uploads\/2026\/01\/Gemini_Generated_Image_op1wyvop1wyvop1w.png\",\"width\":1024,\"height\":1024},{\"@type\":\"BreadcrumbList\",\"@id\":\"https:\/\/eriva.site\/?product=ao-thun-nam-nu-trang-bear#breadcrumb\",\"itemListElement\":[{\"@type\":\"ListItem\",\"position\":1,\"name\":\"Trang ch\u1ee7\",\"item\":\"https:\/\/eriva.site\/\"},{\"@type\":\"ListItem\",\"position\":2,\"name\":\"C\u1eeda h\u00e0ng\",\"item\":\"https:\/\/eriva.site\/\"},{\"@type\":\"ListItem\",\"position\":3,\"name\":\"\u00c1O THUN NAM N\u1eee TR\u1eaeNG BEAR &#8211; GH7832\"}]},{\"@type\":\"WebSite\",\"@id\":\"https:\/\/eriva.site\/#website\",\"url\":\"https:\/\/eriva.site\/\",\"name\":\"Eriva\",\"description\":\"ERIVA \u2013 Thanh l\u1ecbch trong t\u1eebng kho\u1ea3nh kh\u1eafc.\",\"publisher\":{\"@id\":\"https:\/\/eriva.site\/#organization\"},\"potentialAction\":[{\"@type\":\"SearchAction\",\"target\":{\"@type\":\"EntryPoint\",\"urlTemplate\":\"https:\/\/eriva.site\/?s={search_term_string}\"},\"query-input\":{\"@type\":\"PropertyValueSpecification\",\"valueRequired\":true,\"valueName\":\"search_term_string\"}}],\"inLanguage\":\"vi\"},{\"@type\":\"Organization\",\"@id\":\"https:\/\/eriva.site\/#organization\",\"name\":\"Eriva\",\"url\":\"https:\/\/eriva.site\/\",\"logo\":{\"@type\":\"ImageObject\",\"inLanguage\":\"vi\",\"@id\":\"https:\/\/eriva.site\/#\/schema\/logo\/image\/\",\"url\":\"https:\/\/eriva.site\/wp-content\/uploads\/2026\/04\/cropped-z7709650128450_6c21c0c3ccae48663f0d94349b091c4f.jpg\",\"contentUrl\":\"https:\/\/eriva.site\/wp-content\/uploads\/2026\/04\/cropped-z7709650128450_6c21c0c3ccae48663f0d94349b091c4f.jpg\",\"width\":976,\"height\":865,\"caption\":\"Eriva\"},\"image\":{\"@id\":\"https:\/\/eriva.site\/#\/schema\/logo\/image\/\"},\"sameAs\":[\"https:\/\/www.facebook.com\/\"]}]}<\/script>\n<!-- \/ Yoast SEO plugin. -->","yoast_head_json":{"title":"\u00c1O THUN NAM N\u1eee TR\u1eaeNG BEAR - GH7832 - Eriva","robots":{"index":"index","follow":"follow","max-snippet":"max-snippet:-1","max-image-preview":"max-image-preview:large","max-video-preview":"max-video-preview:-1"},"canonical":"https:\/\/eriva.site\/?product=ao-thun-nam-nu-trang-bear","og_locale":"vi_VN","og_type":"article","og_title":"\u00c1O THUN NAM N\u1eee TR\u1eaeNG BEAR - GH7832 - Eriva","og_description":"\u00a0\u00dd t\u01b0\u1edfng thi\u1ebft k\u1ebf S\u1ea3n ph\u1ea9m \u0111\u01b0\u1ee3c thi\u1ebft k\u1ebf d\u1ef1a tr\u00ean s\u1ef1 giao thoa gi\u1eefa tinh th\u1ea7n kh\u1edfi nghi\u1ec7p s\u00e1ng t\u1ea1o (Creative Entrepreneur) v\u00e0 ngh\u1ec7 thu\u1eadt \u0111\u01b0\u1eddng ph\u1ed1 ph\u00e1 c\u00e1ch. T\u00ean th\u01b0\u01a1ng hi\u1ec7u: &#8220;Eriva&#8221; \u0111\u01b0\u1ee3c c\u00e1ch \u0111i\u1ec7u b\u1eb1ng n\u00e9t ch\u1eef Script ngh\u1ec7 thu\u1eadt, th\u1ec3 hi\u1ec7n s\u1ef1 m\u1ec1m m\u1ea1i nh\u01b0ng \u0111\u1ea7y b\u1ea3n l\u0129nh. Bi\u1ec3u t\u01b0\u1ee3ng: H\u00ecnh &hellip;","og_url":"https:\/\/eriva.site\/?product=ao-thun-nam-nu-trang-bear","og_site_name":"Eriva","article_publisher":"https:\/\/www.facebook.com\/","article_modified_time":"2026-04-10T01:51:31+00:00","og_image":[{"width":1024,"height":1024,"url":"https:\/\/eriva.site\/wp-content\/uploads\/2026\/01\/Gemini_Generated_Image_op1wyvop1wyvop1w.png","type":"image\/png"}],"twitter_card":"summary_large_image","twitter_misc":{"\u01af\u1edbc t\u00ednh th\u1eddi gian \u0111\u1ecdc":"2 ph\u00fat"},"schema":{"@context":"https:\/\/schema.org","@graph":[{"@type":"WebPage","@id":"https:\/\/eriva.site\/?product=ao-thun-nam-nu-trang-bear","url":"https:\/\/eriva.site\/?product=ao-thun-nam-nu-trang-bear","name":"\u00c1O THUN NAM N\u1eee TR\u1eaeNG BEAR - GH7832 - Eriva","isPartOf":{"@id":"https:\/\/eriva.site\/#website"},"primaryImageOfPage":{"@id":"https:\/\/eriva.site\/?product=ao-thun-nam-nu-trang-bear#primaryimage"},"image":{"@id":"https:\/\/eriva.site\/?product=ao-thun-nam-nu-trang-bear#primaryimage"},"thumbnailUrl":"https:\/\/eriva.site\/wp-content\/uploads\/2026\/01\/Gemini_Generated_Image_op1wyvop1wyvop1w.png","datePublished":"2026-01-07T03:34:05+00:00","dateModified":"2026-04-10T01:51:31+00:00","breadcrumb":{"@id":"https:\/\/eriva.site\/?product=ao-thun-nam-nu-trang-bear#breadcrumb"},"inLanguage":"vi","potentialAction":[{"@type":"ReadAction","target":["https:\/\/eriva.site\/?product=ao-thun-nam-nu-trang-bear"]}]},{"@type":"ImageObject","inLanguage":"vi","@id":"https:\/\/eriva.site\/?product=ao-thun-nam-nu-trang-bear#primaryimage","url":"https:\/\/eriva.site\/wp-content\/uploads\/2026\/01\/Gemini_Generated_Image_op1wyvop1wyvop1w.png","contentUrl":"https:\/\/eriva.site\/wp-content\/uploads\/2026\/01\/Gemini_Generated_Image_op1wyvop1wyvop1w.png","width":1024,"height":1024},{"@type":"BreadcrumbList","@id":"https:\/\/eriva.site\/?product=ao-thun-nam-nu-trang-bear#breadcrumb","itemListElement":[{"@type":"ListItem","position":1,"name":"Trang ch\u1ee7","item":"https:\/\/eriva.site\/"},{"@type":"ListItem","position":2,"name":"C\u1eeda h\u00e0ng","item":"https:\/\/eriva.site\/"},{"@type":"ListItem","position":3,"name":"\u00c1O THUN NAM N\u1eee TR\u1eaeNG BEAR &#8211; GH7832"}]},{"@type":"WebSite","@id":"https:\/\/eriva.site\/#website","url":"https:\/\/eriva.site\/","name":"Eriva","description":"ERIVA \u2013 Thanh l\u1ecbch trong t\u1eebng kho\u1ea3nh kh\u1eafc.","publisher":{"@id":"https:\/\/eriva.site\/#organization"},"potentialAction":[{"@type":"SearchAction","target":{"@type":"EntryPoint","urlTemplate":"https:\/\/eriva.site\/?s={search_term_string}"},"query-input":{"@type":"PropertyValueSpecification","valueRequired":true,"valueName":"search_term_string"}}],"inLanguage":"vi"},{"@type":"Organization","@id":"https:\/\/eriva.site\/#organization","name":"Eriva","url":"https:\/\/eriva.site\/","logo":{"@type":"ImageObject","inLanguage":"vi","@id":"https:\/\/eriva.site\/#\/schema\/logo\/image\/","url":"https:\/\/eriva.site\/wp-content\/uploads\/2026\/04\/cropped-z7709650128450_6c21c0c3ccae48663f0d94349b091c4f.jpg","contentUrl":"https:\/\/eriva.site\/wp-content\/uploads\/2026\/04\/cropped-z7709650128450_6c21c0c3ccae48663f0d94349b091c4f.jpg","width":976,"height":865,"caption":"Eriva"},"image":{"@id":"https:\/\/eriva.site\/#\/schema\/logo\/image\/"},"sameAs":["https:\/\/www.facebook.com\/"]}]}},"jetpack_sharing_enabled":true,"_links":{"self":[{"href":"https:\/\/eriva.site\/index.php?rest_route=\/wp\/v2\/product\/138","targetHints":{"allow":["GET"]}}],"collection":[{"href":"https:\/\/eriva.site\/index.php?rest_route=\/wp\/v2\/product"}],"about":[{"href":"https:\/\/eriva.site\/index.php?rest_route=\/wp\/v2\/types\/product"}],"replies":[{"embeddable":true,"href":"https:\/\/eriva.site\/index.php?rest_route=%2Fwp%2Fv2%2Fcomments&post=138"}],"wp:featuredmedia":[{"embeddable":true,"href":"https:\/\/eriva.site\/index.php?rest_route=\/wp\/v2\/media\/143"}],"wp:attachment":[{"href":"https:\/\/eriva.site\/index.php?rest_route=%2Fwp%2Fv2%2Fmedia&parent=138"}],"wp:term":[{"taxonomy":"product_brand","embeddable":true,"href":"https:\/\/eriva.site\/index.php?rest_route=%2Fwp%2Fv2%2Fproduct_brand&post=138"},{"taxonomy":"product_cat","embeddable":true,"href":"https:\/\/eriva.site\/index.php?rest_route=%2Fwp%2Fv2%2Fproduct_cat&post=138"},{"taxonomy":"product_tag","embeddable":true,"href":"https:\/\/eriva.site\/index.php?rest_route=%2Fwp%2Fv2%2Fproduct_tag&post=138"}],"curies":[{"name":"wp","href":"https:\/\/api.w.org\/{rel}","templated":true}]}}