{"id":234,"date":"2026-01-09T03:15:27","date_gmt":"2026-01-09T03:15:27","guid":{"rendered":"https:\/\/eriva.site\/?post_type=product&#038;p=234"},"modified":"2026-01-09T03:15:27","modified_gmt":"2026-01-09T03:15:27","slug":"ao-thun-oversize-boon-made-gh3992","status":"publish","type":"product","link":"https:\/\/eriva.site\/?product=ao-thun-oversize-boon-made-gh3992","title":{"rendered":"\u00c1O THUN OVERSIZE &#8220;BOON MADE&#8221; &#8211; GH3992"},"content":{"rendered":"<h3 data-path-to-node=\"2\"><b data-path-to-node=\"2\" data-index-in-node=\"0\">\u00c1O THUN OVERSIZE &#8220;BOON MADE&#8221;<\/b><\/h3>\n<ul data-path-to-node=\"3\">\n<li>\n<p data-path-to-node=\"3,0,0\"><b data-path-to-node=\"3,0,0\" data-index-in-node=\"0\">Thi\u1ebft k\u1ebf:<\/b> H\u00ecnh in ch\u00fa th\u1ecf &amp; ng\u00f4i sao phong c\u00e1ch Y2K, hi\u1ec7u \u1ee9ng loang m\u1edd \u0111\u1ed9c l\u1ea1<\/p>\n<\/li>\n<li>\n<p data-path-to-node=\"3,1,0\"><b data-path-to-node=\"3,1,0\" data-index-in-node=\"0\">\u0110i\u1ec3m nh\u1ea5n:<\/b> Logo th\u01b0\u01a1ng hi\u1ec7u <b data-path-to-node=\"3,1,0\" data-index-in-node=\"28\">Eriva<\/b> tinh t\u1ebf \u1edf g\u00f3c ph\u1ea3i<\/p>\n<\/li>\n<li>\n<p data-path-to-node=\"3,2,0\"><b data-path-to-node=\"3,2,0\" data-index-in-node=\"0\">Ch\u1ea5t li\u1ec7u:<\/b> Cotton 100% cao c\u1ea5p, d\u00e0y d\u1eb7n, tho\u00e1ng m\u00e1t, kh\u00f4ng bai d\u00e3o<\/p>\n<\/li>\n<li>\n<p data-path-to-node=\"3,3,0\"><b data-path-to-node=\"3,3,0\" data-index-in-node=\"0\">Form d\u00e1ng:<\/b> Oversize r\u1ed9ng r\u00e3i, chu\u1ea9n Streetwear cho nam &amp; n\u1eef<\/p>\n<\/li>\n<li>\n<p data-path-to-node=\"3,4,0\"><b data-path-to-node=\"3,4,0\" data-index-in-node=\"0\">M\u00e0u s\u1eafc:<\/b> Xanh Pastel, \u0110en<\/p>\n<\/li>\n<\/ul>\n","protected":false},"excerpt":{"rendered":"<p>\u00c1O THUN OVERSIZE &#8220;BOON MADE&#8221; Thi\u1ebft k\u1ebf: H\u00ecnh in ch\u00fa th\u1ecf &amp; ng\u00f4i sao phong c\u00e1ch Y2K, hi\u1ec7u \u1ee9ng loang m\u1edd \u0111\u1ed9c l\u1ea1 \u0110i\u1ec3m nh\u1ea5n: Logo th\u01b0\u01a1ng hi\u1ec7u Eriva tinh t\u1ebf \u1edf g\u00f3c ph\u1ea3i Ch\u1ea5t li\u1ec7u: Cotton 100% cao c\u1ea5p, d\u00e0y d\u1eb7n, tho\u00e1ng m\u00e1t, kh\u00f4ng bai d\u00e3o Form d\u00e1ng: Oversize r\u1ed9ng r\u00e3i, chu\u1ea9n Streetwear cho &hellip; <\/p>\n","protected":false},"featured_media":235,"comment_status":"open","ping_status":"closed","template":"","meta":[],"product_brand":[],"product_cat":[16],"product_tag":[],"class_list":{"0":"post-234","1":"product","2":"type-product","3":"status-publish","4":"has-post-thumbnail","6":"product_cat-khong-co","8":"first","9":"instock","10":"sale","11":"shipping-taxable","12":"purchasable","13":"product-type-simple"},"yoast_head":"<!-- This site is optimized with the Yoast SEO plugin v26.8 - https:\/\/yoast.com\/product\/yoast-seo-wordpress\/ -->\n<title>\u00c1O THUN OVERSIZE &quot;BOON MADE&quot; - GH3992 - Eriva<\/title>\n<meta name=\"robots\" content=\"index, follow, max-snippet:-1, max-image-preview:large, max-video-preview:-1\" \/>\n<link rel=\"canonical\" href=\"https:\/\/eriva.site\/?product=ao-thun-oversize-boon-made-gh3992\" \/>\n<meta property=\"og:locale\" content=\"vi_VN\" \/>\n<meta property=\"og:type\" content=\"article\" \/>\n<meta property=\"og:title\" content=\"\u00c1O THUN OVERSIZE &quot;BOON MADE&quot; - GH3992 - Eriva\" \/>\n<meta property=\"og:description\" content=\"\u00c1O THUN OVERSIZE &#8220;BOON MADE&#8221; Thi\u1ebft k\u1ebf: H\u00ecnh in ch\u00fa th\u1ecf &amp; ng\u00f4i sao phong c\u00e1ch Y2K, hi\u1ec7u \u1ee9ng loang m\u1edd \u0111\u1ed9c l\u1ea1 \u0110i\u1ec3m nh\u1ea5n: Logo th\u01b0\u01a1ng hi\u1ec7u Eriva tinh t\u1ebf \u1edf g\u00f3c ph\u1ea3i Ch\u1ea5t li\u1ec7u: Cotton 100% cao c\u1ea5p, d\u00e0y d\u1eb7n, tho\u00e1ng m\u00e1t, kh\u00f4ng bai d\u00e3o Form d\u00e1ng: Oversize r\u1ed9ng r\u00e3i, chu\u1ea9n Streetwear cho &hellip;\" \/>\n<meta property=\"og:url\" content=\"https:\/\/eriva.site\/?product=ao-thun-oversize-boon-made-gh3992\" \/>\n<meta property=\"og:site_name\" content=\"Eriva\" \/>\n<meta property=\"article:publisher\" content=\"https:\/\/www.facebook.com\/\" \/>\n<meta property=\"og:image\" content=\"https:\/\/eriva.site\/wp-content\/uploads\/2026\/01\/unnamed-21.jpg\" \/>\n\t<meta property=\"og:image:width\" content=\"747\" \/>\n\t<meta property=\"og:image:height\" content=\"1024\" \/>\n\t<meta property=\"og:image:type\" content=\"image\/jpeg\" \/>\n<meta name=\"twitter:card\" content=\"summary_large_image\" \/>\n<script type=\"application\/ld+json\" class=\"yoast-schema-graph\">{\"@context\":\"https:\/\/schema.org\",\"@graph\":[{\"@type\":\"WebPage\",\"@id\":\"https:\/\/eriva.site\/?product=ao-thun-oversize-boon-made-gh3992\",\"url\":\"https:\/\/eriva.site\/?product=ao-thun-oversize-boon-made-gh3992\",\"name\":\"\u00c1O THUN OVERSIZE \\\"BOON MADE\\\" - GH3992 - Eriva\",\"isPartOf\":{\"@id\":\"https:\/\/eriva.site\/#website\"},\"primaryImageOfPage\":{\"@id\":\"https:\/\/eriva.site\/?product=ao-thun-oversize-boon-made-gh3992#primaryimage\"},\"image\":{\"@id\":\"https:\/\/eriva.site\/?product=ao-thun-oversize-boon-made-gh3992#primaryimage\"},\"thumbnailUrl\":\"https:\/\/eriva.site\/wp-content\/uploads\/2026\/01\/unnamed-21.jpg\",\"datePublished\":\"2026-01-09T03:15:27+00:00\",\"breadcrumb\":{\"@id\":\"https:\/\/eriva.site\/?product=ao-thun-oversize-boon-made-gh3992#breadcrumb\"},\"inLanguage\":\"vi\",\"potentialAction\":[{\"@type\":\"ReadAction\",\"target\":[\"https:\/\/eriva.site\/?product=ao-thun-oversize-boon-made-gh3992\"]}]},{\"@type\":\"ImageObject\",\"inLanguage\":\"vi\",\"@id\":\"https:\/\/eriva.site\/?product=ao-thun-oversize-boon-made-gh3992#primaryimage\",\"url\":\"https:\/\/eriva.site\/wp-content\/uploads\/2026\/01\/unnamed-21.jpg\",\"contentUrl\":\"https:\/\/eriva.site\/wp-content\/uploads\/2026\/01\/unnamed-21.jpg\",\"width\":747,\"height\":1024},{\"@type\":\"BreadcrumbList\",\"@id\":\"https:\/\/eriva.site\/?product=ao-thun-oversize-boon-made-gh3992#breadcrumb\",\"itemListElement\":[{\"@type\":\"ListItem\",\"position\":1,\"name\":\"Trang ch\u1ee7\",\"item\":\"https:\/\/eriva.site\/\"},{\"@type\":\"ListItem\",\"position\":2,\"name\":\"C\u1eeda h\u00e0ng\",\"item\":\"https:\/\/eriva.site\/\"},{\"@type\":\"ListItem\",\"position\":3,\"name\":\"\u00c1O THUN OVERSIZE &#8220;BOON MADE&#8221; &#8211; GH3992\"}]},{\"@type\":\"WebSite\",\"@id\":\"https:\/\/eriva.site\/#website\",\"url\":\"https:\/\/eriva.site\/\",\"name\":\"Eriva\",\"description\":\"ERIVA \u2013 Thanh l\u1ecbch trong t\u1eebng kho\u1ea3nh kh\u1eafc.\",\"publisher\":{\"@id\":\"https:\/\/eriva.site\/#organization\"},\"potentialAction\":[{\"@type\":\"SearchAction\",\"target\":{\"@type\":\"EntryPoint\",\"urlTemplate\":\"https:\/\/eriva.site\/?s={search_term_string}\"},\"query-input\":{\"@type\":\"PropertyValueSpecification\",\"valueRequired\":true,\"valueName\":\"search_term_string\"}}],\"inLanguage\":\"vi\"},{\"@type\":\"Organization\",\"@id\":\"https:\/\/eriva.site\/#organization\",\"name\":\"Eriva\",\"url\":\"https:\/\/eriva.site\/\",\"logo\":{\"@type\":\"ImageObject\",\"inLanguage\":\"vi\",\"@id\":\"https:\/\/eriva.site\/#\/schema\/logo\/image\/\",\"url\":\"https:\/\/eriva.site\/wp-content\/uploads\/2026\/04\/cropped-z7709650128450_6c21c0c3ccae48663f0d94349b091c4f.jpg\",\"contentUrl\":\"https:\/\/eriva.site\/wp-content\/uploads\/2026\/04\/cropped-z7709650128450_6c21c0c3ccae48663f0d94349b091c4f.jpg\",\"width\":976,\"height\":865,\"caption\":\"Eriva\"},\"image\":{\"@id\":\"https:\/\/eriva.site\/#\/schema\/logo\/image\/\"},\"sameAs\":[\"https:\/\/www.facebook.com\/\"]}]}<\/script>\n<!-- \/ Yoast SEO plugin. -->","yoast_head_json":{"title":"\u00c1O THUN OVERSIZE \"BOON MADE\" - GH3992 - Eriva","robots":{"index":"index","follow":"follow","max-snippet":"max-snippet:-1","max-image-preview":"max-image-preview:large","max-video-preview":"max-video-preview:-1"},"canonical":"https:\/\/eriva.site\/?product=ao-thun-oversize-boon-made-gh3992","og_locale":"vi_VN","og_type":"article","og_title":"\u00c1O THUN OVERSIZE \"BOON MADE\" - GH3992 - Eriva","og_description":"\u00c1O THUN OVERSIZE &#8220;BOON MADE&#8221; Thi\u1ebft k\u1ebf: H\u00ecnh in ch\u00fa th\u1ecf &amp; ng\u00f4i sao phong c\u00e1ch Y2K, hi\u1ec7u \u1ee9ng loang m\u1edd \u0111\u1ed9c l\u1ea1 \u0110i\u1ec3m nh\u1ea5n: Logo th\u01b0\u01a1ng hi\u1ec7u Eriva tinh t\u1ebf \u1edf g\u00f3c ph\u1ea3i Ch\u1ea5t li\u1ec7u: Cotton 100% cao c\u1ea5p, d\u00e0y d\u1eb7n, tho\u00e1ng m\u00e1t, kh\u00f4ng bai d\u00e3o Form d\u00e1ng: Oversize r\u1ed9ng r\u00e3i, chu\u1ea9n Streetwear cho &hellip;","og_url":"https:\/\/eriva.site\/?product=ao-thun-oversize-boon-made-gh3992","og_site_name":"Eriva","article_publisher":"https:\/\/www.facebook.com\/","og_image":[{"width":747,"height":1024,"url":"https:\/\/eriva.site\/wp-content\/uploads\/2026\/01\/unnamed-21.jpg","type":"image\/jpeg"}],"twitter_card":"summary_large_image","schema":{"@context":"https:\/\/schema.org","@graph":[{"@type":"WebPage","@id":"https:\/\/eriva.site\/?product=ao-thun-oversize-boon-made-gh3992","url":"https:\/\/eriva.site\/?product=ao-thun-oversize-boon-made-gh3992","name":"\u00c1O THUN OVERSIZE \"BOON MADE\" - GH3992 - Eriva","isPartOf":{"@id":"https:\/\/eriva.site\/#website"},"primaryImageOfPage":{"@id":"https:\/\/eriva.site\/?product=ao-thun-oversize-boon-made-gh3992#primaryimage"},"image":{"@id":"https:\/\/eriva.site\/?product=ao-thun-oversize-boon-made-gh3992#primaryimage"},"thumbnailUrl":"https:\/\/eriva.site\/wp-content\/uploads\/2026\/01\/unnamed-21.jpg","datePublished":"2026-01-09T03:15:27+00:00","breadcrumb":{"@id":"https:\/\/eriva.site\/?product=ao-thun-oversize-boon-made-gh3992#breadcrumb"},"inLanguage":"vi","potentialAction":[{"@type":"ReadAction","target":["https:\/\/eriva.site\/?product=ao-thun-oversize-boon-made-gh3992"]}]},{"@type":"ImageObject","inLanguage":"vi","@id":"https:\/\/eriva.site\/?product=ao-thun-oversize-boon-made-gh3992#primaryimage","url":"https:\/\/eriva.site\/wp-content\/uploads\/2026\/01\/unnamed-21.jpg","contentUrl":"https:\/\/eriva.site\/wp-content\/uploads\/2026\/01\/unnamed-21.jpg","width":747,"height":1024},{"@type":"BreadcrumbList","@id":"https:\/\/eriva.site\/?product=ao-thun-oversize-boon-made-gh3992#breadcrumb","itemListElement":[{"@type":"ListItem","position":1,"name":"Trang ch\u1ee7","item":"https:\/\/eriva.site\/"},{"@type":"ListItem","position":2,"name":"C\u1eeda h\u00e0ng","item":"https:\/\/eriva.site\/"},{"@type":"ListItem","position":3,"name":"\u00c1O THUN OVERSIZE &#8220;BOON MADE&#8221; &#8211; GH3992"}]},{"@type":"WebSite","@id":"https:\/\/eriva.site\/#website","url":"https:\/\/eriva.site\/","name":"Eriva","description":"ERIVA \u2013 Thanh l\u1ecbch trong t\u1eebng kho\u1ea3nh kh\u1eafc.","publisher":{"@id":"https:\/\/eriva.site\/#organization"},"potentialAction":[{"@type":"SearchAction","target":{"@type":"EntryPoint","urlTemplate":"https:\/\/eriva.site\/?s={search_term_string}"},"query-input":{"@type":"PropertyValueSpecification","valueRequired":true,"valueName":"search_term_string"}}],"inLanguage":"vi"},{"@type":"Organization","@id":"https:\/\/eriva.site\/#organization","name":"Eriva","url":"https:\/\/eriva.site\/","logo":{"@type":"ImageObject","inLanguage":"vi","@id":"https:\/\/eriva.site\/#\/schema\/logo\/image\/","url":"https:\/\/eriva.site\/wp-content\/uploads\/2026\/04\/cropped-z7709650128450_6c21c0c3ccae48663f0d94349b091c4f.jpg","contentUrl":"https:\/\/eriva.site\/wp-content\/uploads\/2026\/04\/cropped-z7709650128450_6c21c0c3ccae48663f0d94349b091c4f.jpg","width":976,"height":865,"caption":"Eriva"},"image":{"@id":"https:\/\/eriva.site\/#\/schema\/logo\/image\/"},"sameAs":["https:\/\/www.facebook.com\/"]}]}},"jetpack_sharing_enabled":true,"_links":{"self":[{"href":"https:\/\/eriva.site\/index.php?rest_route=\/wp\/v2\/product\/234","targetHints":{"allow":["GET"]}}],"collection":[{"href":"https:\/\/eriva.site\/index.php?rest_route=\/wp\/v2\/product"}],"about":[{"href":"https:\/\/eriva.site\/index.php?rest_route=\/wp\/v2\/types\/product"}],"replies":[{"embeddable":true,"href":"https:\/\/eriva.site\/index.php?rest_route=%2Fwp%2Fv2%2Fcomments&post=234"}],"wp:featuredmedia":[{"embeddable":true,"href":"https:\/\/eriva.site\/index.php?rest_route=\/wp\/v2\/media\/235"}],"wp:attachment":[{"href":"https:\/\/eriva.site\/index.php?rest_route=%2Fwp%2Fv2%2Fmedia&parent=234"}],"wp:term":[{"taxonomy":"product_brand","embeddable":true,"href":"https:\/\/eriva.site\/index.php?rest_route=%2Fwp%2Fv2%2Fproduct_brand&post=234"},{"taxonomy":"product_cat","embeddable":true,"href":"https:\/\/eriva.site\/index.php?rest_route=%2Fwp%2Fv2%2Fproduct_cat&post=234"},{"taxonomy":"product_tag","embeddable":true,"href":"https:\/\/eriva.site\/index.php?rest_route=%2Fwp%2Fv2%2Fproduct_tag&post=234"}],"curies":[{"name":"wp","href":"https:\/\/api.w.org\/{rel}","templated":true}]}}