{"id":277,"date":"2026-01-09T03:48:58","date_gmt":"2026-01-09T03:48:58","guid":{"rendered":"https:\/\/eriva.site\/?post_type=product&#038;p=277"},"modified":"2026-04-10T01:23:42","modified_gmt":"2026-04-10T01:23:42","slug":"ao-phong-nang-dong-gd19901","status":"publish","type":"product","link":"https:\/\/eriva.site\/?product=ao-phong-nang-dong-gd19901","title":{"rendered":"\u00c1O PH\u00d4NG N\u0102NG \u0110\u1ed8NG &#8211; GD19901"},"content":{"rendered":"<p data-path-to-node=\"2\"><strong>M\u00d4 T\u1ea2 S\u1ea2N PH\u1ea8M:<\/strong><\/p>\n<p data-path-to-node=\"2\">\u0110\u00e2y l\u00e0 s\u1ef1 k\u1ebft h\u1ee3p gi\u1eefa phong c\u00e1ch th\u1eddi trang <b data-path-to-node=\"2\" data-index-in-node=\"45\">Streetwear n\u0103ng \u0111\u1ed9ng<\/b> v\u00e0 <b data-path-to-node=\"2\" data-index-in-node=\"69\">nh\u1eadn di\u1ec7n th\u01b0\u01a1ng hi\u1ec7u c\u00e1 nh\u00e2n chuy\u00ean nghi\u1ec7p<\/b>. S\u1ea3n ph\u1ea9m bao g\u1ed3m c\u00e1c m\u1eabu \u00e1o thun Oversize hi\u1ec7n \u0111\u1ea1i, ph\u00f9 h\u1ee3p cho c\u1ea3 nam v\u00e0 n\u1eef (Unisex).<\/p>\n<h3 data-path-to-node=\"3\">\u00a0Chi ti\u1ebft thi\u1ebft k\u1ebf<\/h3>\n<ul data-path-to-node=\"4\">\n<li>\n<p data-path-to-node=\"4,0,0\"><b data-path-to-node=\"4,0,0\" data-index-in-node=\"0\">Ki\u1ec3u d\u00e1ng:<\/b> \u00c1o thun c\u1ed5 tr\u00f2n, tay ng\u1eafn v\u1edbi form d\u00e1ng <b data-path-to-node=\"4,0,0\" data-index-in-node=\"51\">Oversize<\/b> r\u1ed9ng r\u00e3i, t\u1ea1o s\u1ef1 tho\u1ea3i m\u00e1i v\u00e0 ph\u00f3ng kho\u00e1ng cho ng\u01b0\u1eddi m\u1eb7c.<\/p>\n<\/li>\n<li>\n<p data-path-to-node=\"4,1,0\"><b data-path-to-node=\"4,1,0\" data-index-in-node=\"0\">Ch\u1ea5t li\u1ec7u:<\/b> V\u1ea3i thun cotton cao c\u1ea5p, c\u00f3 b\u1ec1 m\u1eb7t x\u1eed l\u00fd m\u00e0u theo phong c\u00e1ch <b data-path-to-node=\"4,1,0\" data-index-in-node=\"72\">Washed<\/b> (gi\u1ea3 c\u1ed5), t\u1ea1o hi\u1ec7u \u1ee9ng m\u00e0u s\u1eafc loang nh\u1eb9 v\u00e0 b\u1ee5i b\u1eb7m.<\/p>\n<\/li>\n<li>\n<p data-path-to-node=\"4,2,0\"><b data-path-to-node=\"4,2,0\" data-index-in-node=\"0\">M\u00e0u s\u1eafc:<\/b> * M\u00e0u Kem (Beige) thanh l\u1ecbch, d\u1ec5 ph\u1ed1i \u0111\u1ed3.<\/p>\n<ul data-path-to-node=\"4,2,1\">\n<li>\n<p data-path-to-node=\"4,2,1,0,0\">M\u00e0u H\u1ed3ng tro (Dusty Pink) \u0111\u1ed9c \u0111\u00e1o, mang h\u01a1i h\u01b0\u1edbng Vintage.<\/p>\n<\/li>\n<\/ul>\n<\/li>\n<li>\n<p data-path-to-node=\"4,3,0\"><b data-path-to-node=\"4,3,0\" data-index-in-node=\"0\">H\u1ecda ti\u1ebft:<\/b><\/p>\n<ul data-path-to-node=\"4,3,1\">\n<li>\n<p data-path-to-node=\"4,3,1,0,0\">Ph\u00eda tr\u01b0\u1edbc \u00e1o t\u00edch h\u1ee3p c\u00e1c h\u00ecnh in \u0111\u1ed3 h\u1ecda phong c\u00e1ch ho\u1ea1t h\u00ecnh (nh\u01b0 nh\u00e2n v\u1eadt Snoopy ho\u1eb7c g\u1ea5u nh\u1ecf) mang l\u1ea1i v\u1ebb tr\u1ebb trung, tinh ngh\u1ecbch.<\/p>\n<\/li>\n<li>\n<p data-path-to-node=\"4,3,1,1,0\"><b data-path-to-node=\"4,3,1,1,0\" data-index-in-node=\"0\">Logo EriVa:<\/b> T\u00ean th\u01b0\u01a1ng hi\u1ec7u &#8220;Erica&#8221; \u0111\u01b0\u1ee3c in b\u1eb1ng ph\u00f4ng ch\u1eef Script m\u1ec1m m\u1ea1i k\u00e8m d\u00f2ng ch\u1eef &#8220;CREATIVE ENTREPRENEUR&#8221; tinh t\u1ebf \u1edf g\u00f3c d\u01b0\u1edbi \u00e1o, kh\u1eb3ng \u0111\u1ecbnh d\u1ea5u \u1ea5n c\u00e1 nh\u00e2n c\u1ee7a nh\u00e0 s\u00e1ng t\u1ea1o.<\/p>\n<\/li>\n<\/ul>\n<\/li>\n<\/ul>\n<h3 data-path-to-node=\"5\">\u00a0Th\u00f4ng \u0111i\u1ec7p th\u01b0\u01a1ng hi\u1ec7u<\/h3>\n<p data-path-to-node=\"6\">S\u1ea3n ph\u1ea9m kh\u00f4ng ch\u1ec9 l\u00e0 m\u1ed9t chi\u1ebfc \u00e1o th\u1eddi trang m\u00e0 c\u00f2n l\u00e0 l\u1eddi kh\u1eb3ng \u0111\u1ecbnh v\u1ec1 phong c\u00e1ch s\u1ed1ng c\u1ee7a m\u1ed9t <b data-path-to-node=\"6\" data-index-in-node=\"98\">&#8220;Nh\u00e0 doanh nghi\u1ec7p s\u00e1ng t\u1ea1o&#8221;<\/b>. N\u00f3 x\u00f3a nh\u00f2a ranh gi\u1edbi gi\u1eefa trang ph\u1ee5c l\u00e0m vi\u1ec7c c\u1ee9ng nh\u1eafc v\u00e0 s\u1ef1 t\u1ef1 do trong s\u00e1ng t\u1ea1o ngh\u1ec7 thu\u1eadt.<\/p>\n<h3 data-path-to-node=\"7\">Th\u00f4ng s\u1ed1 k\u1ef9 thu\u1eadt<\/h3>\n<ul data-path-to-node=\"8\">\n<li>\n<p data-path-to-node=\"8,0,0\"><b data-path-to-node=\"8,0,0\" data-index-in-node=\"0\">K\u00edch c\u1ee1 (Size):<\/b> C\u00f3 s\u1eb5n k\u00edch th\u01b0\u1edbc l\u1edbn nh\u01b0 <b data-path-to-node=\"8,0,0\" data-index-in-node=\"42\">XL<\/b> \u0111\u1ec3 \u0111\u1ea3m b\u1ea3o \u0111\u1ed9 r\u1ee7 v\u00e0 form d\u00e1ng chu\u1ea9n cho ng\u01b0\u1eddi m\u1eb7c.<\/p>\n<\/li>\n<li>\n<p data-path-to-node=\"8,1,0\"><b data-path-to-node=\"8,1,0\" data-index-in-node=\"0\">\u1ee8ng d\u1ee5ng:<\/b> Th\u00edch h\u1ee3p m\u1eb7c h\u00e0ng ng\u00e0y, \u0111i l\u00e0m trong m\u00f4i tr\u01b0\u1eddng s\u00e1ng t\u1ea1o, ho\u1eb7c d\u1ea1o ph\u1ed1.<\/p>\n<\/li>\n<\/ul>\n","protected":false},"excerpt":{"rendered":"<p>M\u00d4 T\u1ea2 S\u1ea2N PH\u1ea8M: \u0110\u00e2y l\u00e0 s\u1ef1 k\u1ebft h\u1ee3p gi\u1eefa phong c\u00e1ch th\u1eddi trang Streetwear n\u0103ng \u0111\u1ed9ng v\u00e0 nh\u1eadn di\u1ec7n th\u01b0\u01a1ng hi\u1ec7u c\u00e1 nh\u00e2n chuy\u00ean nghi\u1ec7p. S\u1ea3n ph\u1ea9m bao g\u1ed3m c\u00e1c m\u1eabu \u00e1o thun Oversize hi\u1ec7n \u0111\u1ea1i, ph\u00f9 h\u1ee3p cho c\u1ea3 nam v\u00e0 n\u1eef (Unisex). \u00a0Chi ti\u1ebft thi\u1ebft k\u1ebf Ki\u1ec3u d\u00e1ng: \u00c1o thun c\u1ed5 tr\u00f2n, &hellip; <\/p>\n","protected":false},"featured_media":287,"comment_status":"open","ping_status":"closed","template":"","meta":[],"product_brand":[],"product_cat":[16],"product_tag":[],"class_list":{"0":"post-277","1":"product","2":"type-product","3":"status-publish","4":"has-post-thumbnail","6":"product_cat-khong-co","8":"first","9":"instock","10":"sale","11":"shipping-taxable","12":"purchasable","13":"product-type-simple"},"yoast_head":"<!-- This site is optimized with the Yoast SEO plugin v26.8 - https:\/\/yoast.com\/product\/yoast-seo-wordpress\/ -->\n<title>\u00c1O PH\u00d4NG N\u0102NG \u0110\u1ed8NG - GD19901 - Eriva<\/title>\n<meta name=\"robots\" content=\"index, follow, max-snippet:-1, max-image-preview:large, max-video-preview:-1\" \/>\n<link rel=\"canonical\" href=\"https:\/\/eriva.site\/?product=ao-phong-nang-dong-gd19901\" \/>\n<meta property=\"og:locale\" content=\"vi_VN\" \/>\n<meta property=\"og:type\" content=\"article\" \/>\n<meta property=\"og:title\" content=\"\u00c1O PH\u00d4NG N\u0102NG \u0110\u1ed8NG - GD19901 - Eriva\" \/>\n<meta property=\"og:description\" content=\"M\u00d4 T\u1ea2 S\u1ea2N PH\u1ea8M: \u0110\u00e2y l\u00e0 s\u1ef1 k\u1ebft h\u1ee3p gi\u1eefa phong c\u00e1ch th\u1eddi trang Streetwear n\u0103ng \u0111\u1ed9ng v\u00e0 nh\u1eadn di\u1ec7n th\u01b0\u01a1ng hi\u1ec7u c\u00e1 nh\u00e2n chuy\u00ean nghi\u1ec7p. S\u1ea3n ph\u1ea9m bao g\u1ed3m c\u00e1c m\u1eabu \u00e1o thun Oversize hi\u1ec7n \u0111\u1ea1i, ph\u00f9 h\u1ee3p cho c\u1ea3 nam v\u00e0 n\u1eef (Unisex). \u00a0Chi ti\u1ebft thi\u1ebft k\u1ebf Ki\u1ec3u d\u00e1ng: \u00c1o thun c\u1ed5 tr\u00f2n, &hellip;\" \/>\n<meta property=\"og:url\" content=\"https:\/\/eriva.site\/?product=ao-phong-nang-dong-gd19901\" \/>\n<meta property=\"og:site_name\" content=\"Eriva\" \/>\n<meta property=\"article:publisher\" content=\"https:\/\/www.facebook.com\/\" \/>\n<meta property=\"article:modified_time\" content=\"2026-04-10T01:23:42+00:00\" \/>\n<meta property=\"og:image\" content=\"https:\/\/eriva.site\/wp-content\/uploads\/2026\/01\/Gemini_Generated_Image_3r84vn3r84vn3r84-1-1.png\" \/>\n\t<meta property=\"og:image:width\" content=\"1024\" \/>\n\t<meta property=\"og:image:height\" content=\"1024\" \/>\n\t<meta property=\"og:image:type\" content=\"image\/png\" \/>\n<meta name=\"twitter:card\" content=\"summary_large_image\" \/>\n<meta name=\"twitter:label1\" content=\"\u01af\u1edbc t\u00ednh th\u1eddi gian \u0111\u1ecdc\" \/>\n\t<meta name=\"twitter:data1\" content=\"2 ph\u00fat\" \/>\n<script type=\"application\/ld+json\" class=\"yoast-schema-graph\">{\"@context\":\"https:\/\/schema.org\",\"@graph\":[{\"@type\":\"WebPage\",\"@id\":\"https:\/\/eriva.site\/?product=ao-phong-nang-dong-gd19901\",\"url\":\"https:\/\/eriva.site\/?product=ao-phong-nang-dong-gd19901\",\"name\":\"\u00c1O PH\u00d4NG N\u0102NG \u0110\u1ed8NG - GD19901 - Eriva\",\"isPartOf\":{\"@id\":\"https:\/\/eriva.site\/#website\"},\"primaryImageOfPage\":{\"@id\":\"https:\/\/eriva.site\/?product=ao-phong-nang-dong-gd19901#primaryimage\"},\"image\":{\"@id\":\"https:\/\/eriva.site\/?product=ao-phong-nang-dong-gd19901#primaryimage\"},\"thumbnailUrl\":\"https:\/\/eriva.site\/wp-content\/uploads\/2026\/01\/Gemini_Generated_Image_3r84vn3r84vn3r84-1-1.png\",\"datePublished\":\"2026-01-09T03:48:58+00:00\",\"dateModified\":\"2026-04-10T01:23:42+00:00\",\"breadcrumb\":{\"@id\":\"https:\/\/eriva.site\/?product=ao-phong-nang-dong-gd19901#breadcrumb\"},\"inLanguage\":\"vi\",\"potentialAction\":[{\"@type\":\"ReadAction\",\"target\":[\"https:\/\/eriva.site\/?product=ao-phong-nang-dong-gd19901\"]}]},{\"@type\":\"ImageObject\",\"inLanguage\":\"vi\",\"@id\":\"https:\/\/eriva.site\/?product=ao-phong-nang-dong-gd19901#primaryimage\",\"url\":\"https:\/\/eriva.site\/wp-content\/uploads\/2026\/01\/Gemini_Generated_Image_3r84vn3r84vn3r84-1-1.png\",\"contentUrl\":\"https:\/\/eriva.site\/wp-content\/uploads\/2026\/01\/Gemini_Generated_Image_3r84vn3r84vn3r84-1-1.png\",\"width\":1024,\"height\":1024},{\"@type\":\"BreadcrumbList\",\"@id\":\"https:\/\/eriva.site\/?product=ao-phong-nang-dong-gd19901#breadcrumb\",\"itemListElement\":[{\"@type\":\"ListItem\",\"position\":1,\"name\":\"Trang ch\u1ee7\",\"item\":\"https:\/\/eriva.site\/\"},{\"@type\":\"ListItem\",\"position\":2,\"name\":\"C\u1eeda h\u00e0ng\",\"item\":\"https:\/\/eriva.site\/\"},{\"@type\":\"ListItem\",\"position\":3,\"name\":\"\u00c1O PH\u00d4NG N\u0102NG \u0110\u1ed8NG &#8211; GD19901\"}]},{\"@type\":\"WebSite\",\"@id\":\"https:\/\/eriva.site\/#website\",\"url\":\"https:\/\/eriva.site\/\",\"name\":\"Eriva\",\"description\":\"ERIVA \u2013 Thanh l\u1ecbch trong t\u1eebng kho\u1ea3nh kh\u1eafc.\",\"publisher\":{\"@id\":\"https:\/\/eriva.site\/#organization\"},\"potentialAction\":[{\"@type\":\"SearchAction\",\"target\":{\"@type\":\"EntryPoint\",\"urlTemplate\":\"https:\/\/eriva.site\/?s={search_term_string}\"},\"query-input\":{\"@type\":\"PropertyValueSpecification\",\"valueRequired\":true,\"valueName\":\"search_term_string\"}}],\"inLanguage\":\"vi\"},{\"@type\":\"Organization\",\"@id\":\"https:\/\/eriva.site\/#organization\",\"name\":\"Eriva\",\"url\":\"https:\/\/eriva.site\/\",\"logo\":{\"@type\":\"ImageObject\",\"inLanguage\":\"vi\",\"@id\":\"https:\/\/eriva.site\/#\/schema\/logo\/image\/\",\"url\":\"https:\/\/eriva.site\/wp-content\/uploads\/2026\/04\/cropped-z7709650128450_6c21c0c3ccae48663f0d94349b091c4f.jpg\",\"contentUrl\":\"https:\/\/eriva.site\/wp-content\/uploads\/2026\/04\/cropped-z7709650128450_6c21c0c3ccae48663f0d94349b091c4f.jpg\",\"width\":976,\"height\":865,\"caption\":\"Eriva\"},\"image\":{\"@id\":\"https:\/\/eriva.site\/#\/schema\/logo\/image\/\"},\"sameAs\":[\"https:\/\/www.facebook.com\/\"]}]}<\/script>\n<!-- \/ Yoast SEO plugin. -->","yoast_head_json":{"title":"\u00c1O PH\u00d4NG N\u0102NG \u0110\u1ed8NG - GD19901 - Eriva","robots":{"index":"index","follow":"follow","max-snippet":"max-snippet:-1","max-image-preview":"max-image-preview:large","max-video-preview":"max-video-preview:-1"},"canonical":"https:\/\/eriva.site\/?product=ao-phong-nang-dong-gd19901","og_locale":"vi_VN","og_type":"article","og_title":"\u00c1O PH\u00d4NG N\u0102NG \u0110\u1ed8NG - GD19901 - Eriva","og_description":"M\u00d4 T\u1ea2 S\u1ea2N PH\u1ea8M: \u0110\u00e2y l\u00e0 s\u1ef1 k\u1ebft h\u1ee3p gi\u1eefa phong c\u00e1ch th\u1eddi trang Streetwear n\u0103ng \u0111\u1ed9ng v\u00e0 nh\u1eadn di\u1ec7n th\u01b0\u01a1ng hi\u1ec7u c\u00e1 nh\u00e2n chuy\u00ean nghi\u1ec7p. S\u1ea3n ph\u1ea9m bao g\u1ed3m c\u00e1c m\u1eabu \u00e1o thun Oversize hi\u1ec7n \u0111\u1ea1i, ph\u00f9 h\u1ee3p cho c\u1ea3 nam v\u00e0 n\u1eef (Unisex). \u00a0Chi ti\u1ebft thi\u1ebft k\u1ebf Ki\u1ec3u d\u00e1ng: \u00c1o thun c\u1ed5 tr\u00f2n, &hellip;","og_url":"https:\/\/eriva.site\/?product=ao-phong-nang-dong-gd19901","og_site_name":"Eriva","article_publisher":"https:\/\/www.facebook.com\/","article_modified_time":"2026-04-10T01:23:42+00:00","og_image":[{"width":1024,"height":1024,"url":"https:\/\/eriva.site\/wp-content\/uploads\/2026\/01\/Gemini_Generated_Image_3r84vn3r84vn3r84-1-1.png","type":"image\/png"}],"twitter_card":"summary_large_image","twitter_misc":{"\u01af\u1edbc t\u00ednh th\u1eddi gian \u0111\u1ecdc":"2 ph\u00fat"},"schema":{"@context":"https:\/\/schema.org","@graph":[{"@type":"WebPage","@id":"https:\/\/eriva.site\/?product=ao-phong-nang-dong-gd19901","url":"https:\/\/eriva.site\/?product=ao-phong-nang-dong-gd19901","name":"\u00c1O PH\u00d4NG N\u0102NG \u0110\u1ed8NG - GD19901 - Eriva","isPartOf":{"@id":"https:\/\/eriva.site\/#website"},"primaryImageOfPage":{"@id":"https:\/\/eriva.site\/?product=ao-phong-nang-dong-gd19901#primaryimage"},"image":{"@id":"https:\/\/eriva.site\/?product=ao-phong-nang-dong-gd19901#primaryimage"},"thumbnailUrl":"https:\/\/eriva.site\/wp-content\/uploads\/2026\/01\/Gemini_Generated_Image_3r84vn3r84vn3r84-1-1.png","datePublished":"2026-01-09T03:48:58+00:00","dateModified":"2026-04-10T01:23:42+00:00","breadcrumb":{"@id":"https:\/\/eriva.site\/?product=ao-phong-nang-dong-gd19901#breadcrumb"},"inLanguage":"vi","potentialAction":[{"@type":"ReadAction","target":["https:\/\/eriva.site\/?product=ao-phong-nang-dong-gd19901"]}]},{"@type":"ImageObject","inLanguage":"vi","@id":"https:\/\/eriva.site\/?product=ao-phong-nang-dong-gd19901#primaryimage","url":"https:\/\/eriva.site\/wp-content\/uploads\/2026\/01\/Gemini_Generated_Image_3r84vn3r84vn3r84-1-1.png","contentUrl":"https:\/\/eriva.site\/wp-content\/uploads\/2026\/01\/Gemini_Generated_Image_3r84vn3r84vn3r84-1-1.png","width":1024,"height":1024},{"@type":"BreadcrumbList","@id":"https:\/\/eriva.site\/?product=ao-phong-nang-dong-gd19901#breadcrumb","itemListElement":[{"@type":"ListItem","position":1,"name":"Trang ch\u1ee7","item":"https:\/\/eriva.site\/"},{"@type":"ListItem","position":2,"name":"C\u1eeda h\u00e0ng","item":"https:\/\/eriva.site\/"},{"@type":"ListItem","position":3,"name":"\u00c1O PH\u00d4NG N\u0102NG \u0110\u1ed8NG &#8211; GD19901"}]},{"@type":"WebSite","@id":"https:\/\/eriva.site\/#website","url":"https:\/\/eriva.site\/","name":"Eriva","description":"ERIVA \u2013 Thanh l\u1ecbch trong t\u1eebng kho\u1ea3nh kh\u1eafc.","publisher":{"@id":"https:\/\/eriva.site\/#organization"},"potentialAction":[{"@type":"SearchAction","target":{"@type":"EntryPoint","urlTemplate":"https:\/\/eriva.site\/?s={search_term_string}"},"query-input":{"@type":"PropertyValueSpecification","valueRequired":true,"valueName":"search_term_string"}}],"inLanguage":"vi"},{"@type":"Organization","@id":"https:\/\/eriva.site\/#organization","name":"Eriva","url":"https:\/\/eriva.site\/","logo":{"@type":"ImageObject","inLanguage":"vi","@id":"https:\/\/eriva.site\/#\/schema\/logo\/image\/","url":"https:\/\/eriva.site\/wp-content\/uploads\/2026\/04\/cropped-z7709650128450_6c21c0c3ccae48663f0d94349b091c4f.jpg","contentUrl":"https:\/\/eriva.site\/wp-content\/uploads\/2026\/04\/cropped-z7709650128450_6c21c0c3ccae48663f0d94349b091c4f.jpg","width":976,"height":865,"caption":"Eriva"},"image":{"@id":"https:\/\/eriva.site\/#\/schema\/logo\/image\/"},"sameAs":["https:\/\/www.facebook.com\/"]}]}},"jetpack_sharing_enabled":true,"_links":{"self":[{"href":"https:\/\/eriva.site\/index.php?rest_route=\/wp\/v2\/product\/277","targetHints":{"allow":["GET"]}}],"collection":[{"href":"https:\/\/eriva.site\/index.php?rest_route=\/wp\/v2\/product"}],"about":[{"href":"https:\/\/eriva.site\/index.php?rest_route=\/wp\/v2\/types\/product"}],"replies":[{"embeddable":true,"href":"https:\/\/eriva.site\/index.php?rest_route=%2Fwp%2Fv2%2Fcomments&post=277"}],"wp:featuredmedia":[{"embeddable":true,"href":"https:\/\/eriva.site\/index.php?rest_route=\/wp\/v2\/media\/287"}],"wp:attachment":[{"href":"https:\/\/eriva.site\/index.php?rest_route=%2Fwp%2Fv2%2Fmedia&parent=277"}],"wp:term":[{"taxonomy":"product_brand","embeddable":true,"href":"https:\/\/eriva.site\/index.php?rest_route=%2Fwp%2Fv2%2Fproduct_brand&post=277"},{"taxonomy":"product_cat","embeddable":true,"href":"https:\/\/eriva.site\/index.php?rest_route=%2Fwp%2Fv2%2Fproduct_cat&post=277"},{"taxonomy":"product_tag","embeddable":true,"href":"https:\/\/eriva.site\/index.php?rest_route=%2Fwp%2Fv2%2Fproduct_tag&post=277"}],"curies":[{"name":"wp","href":"https:\/\/api.w.org\/{rel}","templated":true}]}}